{"id":995,"date":"2022-06-16T08:46:13","date_gmt":"2022-06-16T06:46:13","guid":{"rendered":"https:\/\/eksjostadshotell.se\/restaurang\/a-la-carte\/"},"modified":"2025-01-15T17:07:10","modified_gmt":"2025-01-15T16:07:10","slug":"a-la-carte","status":"publish","type":"page","link":"https:\/\/eksjostadshotell.se\/en\/restaurang\/a-la-carte\/","title":{"rendered":"A la Carte"},"content":{"rendered":"\n<h1 class=\"has-text-align-center has-brun-color has-text-color wp-block-heading\"> A la Cartemeny<\/h1>\n\n\n\n\n<a href=\"https:\/\/eksjostadshotell.se\/app\/uploads\/2026\/01\/kvallsmeny-sommar-2025-engelska-8.pdf\" class=\"pdfemb-viewer\" style=\"\" data-width=\"max\" data-height=\"max\" data-toolbar=\"bottom\" data-toolbar-fixed=\"off\">kvallsmeny-sommar-2025-engelska-8<\/a>\n\n\n<div style=\"height:100px\" aria-hidden=\"true\" class=\"wp-block-spacer\"><\/div>\n\n\n\n<button data-hash=\"6914b42b1857c92bd6718f678e25e922\" class=\"waiteraid-widget\">Boka bord<\/button>","protected":false},"excerpt":{"rendered":"<p>A la Cartemeny<\/p>\n","protected":false},"author":1,"featured_media":416,"parent":982,"menu_order":0,"comment_status":"closed","ping_status":"closed","template":"","meta":{"_acf_changed":false,"inline_featured_image":false,"footnotes":""},"class_list":["post-995","page","type-page","status-publish","has-post-thumbnail","hentry"],"acf":[],"yoast_head":"<!-- This site is optimized with the Yoast SEO plugin v27.4 - https:\/\/yoast.com\/product\/yoast-seo-wordpress\/ -->\n<title>A la carte \u2013 Eksj\u00f6 Stadshotell<\/title>\n<meta name=\"description\" content=\"A la Carte meny SNACKS MARCONAMANDLAR 55:- CHIPS OCH DIPP Lantchips, rostad vitl\u00f6kskr\u00e4m och gr\u00e4sl\u00f6k 65:- F\u00d6RR\u00c4TTER HUSETS VITL\u00d6KSBR\u00d6D Vitl\u00f6k, persilja, parmesan, sm\u00f6r och olivolja 69:- \u00d6JEBY TOAST Hembakat br\u00f6d, kr\u00e4ftstj\u00e4rtar, v\u00e4stbottenost, dill, kummin, majonn\u00e4s 145:- SK\u00c5L MED R\u00c4KOR Vitl\u00f6ksbr\u00f6d, aioli 139:- CARPACCIO N\u00f6tk\u00f6tt, ruccola, \u00f6rtolja, valn\u00f6tter, riven ost 149:- VARMR\u00c4TTER H\u00d6GREVSBURGARE [\u2026]\" \/>\n<meta name=\"robots\" content=\"index, follow, max-snippet:-1, max-image-preview:large, max-video-preview:-1\" \/>\n<link rel=\"canonical\" href=\"https:\/\/eksjostadshotell.se\/en\/restaurang\/a-la-carte\/\" \/>\n<meta property=\"og:locale\" content=\"en_US\" \/>\n<meta property=\"og:type\" content=\"article\" \/>\n<meta property=\"og:title\" content=\"A la carte \u2013 Eksj\u00f6 Stadshotell\" \/>\n<meta property=\"og:description\" content=\"A la Carte meny SNACKS MARCONAMANDLAR 55:- CHIPS OCH DIPP Lantchips, rostad vitl\u00f6kskr\u00e4m och gr\u00e4sl\u00f6k 65:- F\u00d6RR\u00c4TTER HUSETS VITL\u00d6KSBR\u00d6D Vitl\u00f6k, persilja, parmesan, sm\u00f6r och olivolja 69:- \u00d6JEBY TOAST Hembakat br\u00f6d, kr\u00e4ftstj\u00e4rtar, v\u00e4stbottenost, dill, kummin, majonn\u00e4s 145:- SK\u00c5L MED R\u00c4KOR Vitl\u00f6ksbr\u00f6d, aioli 139:- CARPACCIO N\u00f6tk\u00f6tt, ruccola, \u00f6rtolja, valn\u00f6tter, riven ost 149:- VARMR\u00c4TTER H\u00d6GREVSBURGARE [\u2026]\" \/>\n<meta property=\"og:url\" content=\"https:\/\/eksjostadshotell.se\/en\/restaurang\/a-la-carte\/\" \/>\n<meta property=\"og:site_name\" content=\"Eksj\u00f6stadshotell\" \/>\n<meta property=\"article:modified_time\" content=\"2025-01-15T16:07:10+00:00\" \/>\n<meta property=\"og:image\" content=\"https:\/\/eksjostadshotell.se\/app\/uploads\/2022\/05\/background-placeholder.png\" \/>\n\t<meta property=\"og:image:width\" content=\"1928\" \/>\n\t<meta property=\"og:image:height\" content=\"1018\" \/>\n\t<meta property=\"og:image:type\" content=\"image\/png\" \/>\n<meta name=\"twitter:card\" content=\"summary_large_image\" \/>\n<meta name=\"twitter:label1\" content=\"Est. reading time\" \/>\n\t<meta name=\"twitter:data1\" content=\"1 minute\" \/>\n<script type=\"application\/ld+json\" class=\"yoast-schema-graph\">{\"@context\":\"https:\\\/\\\/schema.org\",\"@graph\":[{\"@type\":\"WebPage\",\"@id\":\"https:\\\/\\\/eksjostadshotell.se\\\/en\\\/restaurang\\\/a-la-carte\\\/\",\"url\":\"https:\\\/\\\/eksjostadshotell.se\\\/en\\\/restaurang\\\/a-la-carte\\\/\",\"name\":\"A la carte \u2013 Eksj\u00f6 Stadshotell\",\"isPartOf\":{\"@id\":\"https:\\\/\\\/eksjostadshotell.se\\\/en\\\/#website\"},\"primaryImageOfPage\":{\"@id\":\"https:\\\/\\\/eksjostadshotell.se\\\/en\\\/restaurang\\\/a-la-carte\\\/#primaryimage\"},\"image\":{\"@id\":\"https:\\\/\\\/eksjostadshotell.se\\\/en\\\/restaurang\\\/a-la-carte\\\/#primaryimage\"},\"thumbnailUrl\":\"https:\\\/\\\/eksjostadshotell.se\\\/app\\\/uploads\\\/2022\\\/05\\\/background-placeholder.png\",\"datePublished\":\"2022-06-16T06:46:13+00:00\",\"dateModified\":\"2025-01-15T16:07:10+00:00\",\"description\":\"A la Carte meny SNACKS MARCONAMANDLAR 55:- CHIPS OCH DIPP Lantchips, rostad vitl\u00f6kskr\u00e4m och gr\u00e4sl\u00f6k 65:- F\u00d6RR\u00c4TTER HUSETS VITL\u00d6KSBR\u00d6D Vitl\u00f6k, persilja, parmesan, sm\u00f6r och olivolja 69:- \u00d6JEBY TOAST Hembakat br\u00f6d, kr\u00e4ftstj\u00e4rtar, v\u00e4stbottenost, dill, kummin, majonn\u00e4s 145:- SK\u00c5L MED R\u00c4KOR Vitl\u00f6ksbr\u00f6d, aioli 139:- CARPACCIO N\u00f6tk\u00f6tt, ruccola, \u00f6rtolja, valn\u00f6tter, riven ost 149:- VARMR\u00c4TTER H\u00d6GREVSBURGARE [\u2026]\",\"breadcrumb\":{\"@id\":\"https:\\\/\\\/eksjostadshotell.se\\\/en\\\/restaurang\\\/a-la-carte\\\/#breadcrumb\"},\"inLanguage\":\"en-US\",\"potentialAction\":[{\"@type\":\"ReadAction\",\"target\":[\"https:\\\/\\\/eksjostadshotell.se\\\/en\\\/restaurang\\\/a-la-carte\\\/\"]}]},{\"@type\":\"ImageObject\",\"inLanguage\":\"en-US\",\"@id\":\"https:\\\/\\\/eksjostadshotell.se\\\/en\\\/restaurang\\\/a-la-carte\\\/#primaryimage\",\"url\":\"https:\\\/\\\/eksjostadshotell.se\\\/app\\\/uploads\\\/2022\\\/05\\\/background-placeholder.png\",\"contentUrl\":\"https:\\\/\\\/eksjostadshotell.se\\\/app\\\/uploads\\\/2022\\\/05\\\/background-placeholder.png\",\"width\":1928,\"height\":1018},{\"@type\":\"BreadcrumbList\",\"@id\":\"https:\\\/\\\/eksjostadshotell.se\\\/en\\\/restaurang\\\/a-la-carte\\\/#breadcrumb\",\"itemListElement\":[{\"@type\":\"ListItem\",\"position\":1,\"name\":\"Home\",\"item\":\"https:\\\/\\\/eksjostadshotell.se\\\/en\\\/\"},{\"@type\":\"ListItem\",\"position\":2,\"name\":\"Restaurants\",\"item\":\"https:\\\/\\\/eksjostadshotell.se\\\/en\\\/restaurang\\\/\"},{\"@type\":\"ListItem\",\"position\":3,\"name\":\"A la Carte\"}]},{\"@type\":\"WebSite\",\"@id\":\"https:\\\/\\\/eksjostadshotell.se\\\/en\\\/#website\",\"url\":\"https:\\\/\\\/eksjostadshotell.se\\\/en\\\/\",\"name\":\"Eksj\u00f6stadshotell\",\"description\":\"Anrikt boende i Eksj\u00f6s hj\u00e4rta\",\"potentialAction\":[{\"@type\":\"SearchAction\",\"target\":{\"@type\":\"EntryPoint\",\"urlTemplate\":\"https:\\\/\\\/eksjostadshotell.se\\\/en\\\/?s={search_term_string}\"},\"query-input\":{\"@type\":\"PropertyValueSpecification\",\"valueRequired\":true,\"valueName\":\"search_term_string\"}}],\"inLanguage\":\"en-US\"}]}<\/script>\n<!-- \/ Yoast SEO plugin. -->","yoast_head_json":{"title":"A la carte \u2013 Eksj\u00f6 Stadshotell","description":"A la Carte meny SNACKS MARCONAMANDLAR 55:- CHIPS OCH DIPP Lantchips, rostad vitl\u00f6kskr\u00e4m och gr\u00e4sl\u00f6k 65:- F\u00d6RR\u00c4TTER HUSETS VITL\u00d6KSBR\u00d6D Vitl\u00f6k, persilja, parmesan, sm\u00f6r och olivolja 69:- \u00d6JEBY TOAST Hembakat br\u00f6d, kr\u00e4ftstj\u00e4rtar, v\u00e4stbottenost, dill, kummin, majonn\u00e4s 145:- SK\u00c5L MED R\u00c4KOR Vitl\u00f6ksbr\u00f6d, aioli 139:- CARPACCIO N\u00f6tk\u00f6tt, ruccola, \u00f6rtolja, valn\u00f6tter, riven ost 149:- VARMR\u00c4TTER H\u00d6GREVSBURGARE [\u2026]","robots":{"index":"index","follow":"follow","max-snippet":"max-snippet:-1","max-image-preview":"max-image-preview:large","max-video-preview":"max-video-preview:-1"},"canonical":"https:\/\/eksjostadshotell.se\/en\/restaurang\/a-la-carte\/","og_locale":"en_US","og_type":"article","og_title":"A la carte \u2013 Eksj\u00f6 Stadshotell","og_description":"A la Carte meny SNACKS MARCONAMANDLAR 55:- CHIPS OCH DIPP Lantchips, rostad vitl\u00f6kskr\u00e4m och gr\u00e4sl\u00f6k 65:- F\u00d6RR\u00c4TTER HUSETS VITL\u00d6KSBR\u00d6D Vitl\u00f6k, persilja, parmesan, sm\u00f6r och olivolja 69:- \u00d6JEBY TOAST Hembakat br\u00f6d, kr\u00e4ftstj\u00e4rtar, v\u00e4stbottenost, dill, kummin, majonn\u00e4s 145:- SK\u00c5L MED R\u00c4KOR Vitl\u00f6ksbr\u00f6d, aioli 139:- CARPACCIO N\u00f6tk\u00f6tt, ruccola, \u00f6rtolja, valn\u00f6tter, riven ost 149:- VARMR\u00c4TTER H\u00d6GREVSBURGARE [\u2026]","og_url":"https:\/\/eksjostadshotell.se\/en\/restaurang\/a-la-carte\/","og_site_name":"Eksj\u00f6stadshotell","article_modified_time":"2025-01-15T16:07:10+00:00","og_image":[{"width":1928,"height":1018,"url":"https:\/\/eksjostadshotell.se\/app\/uploads\/2022\/05\/background-placeholder.png","type":"image\/png"}],"twitter_card":"summary_large_image","twitter_misc":{"Est. reading time":"1 minute"},"schema":{"@context":"https:\/\/schema.org","@graph":[{"@type":"WebPage","@id":"https:\/\/eksjostadshotell.se\/en\/restaurang\/a-la-carte\/","url":"https:\/\/eksjostadshotell.se\/en\/restaurang\/a-la-carte\/","name":"A la carte \u2013 Eksj\u00f6 Stadshotell","isPartOf":{"@id":"https:\/\/eksjostadshotell.se\/en\/#website"},"primaryImageOfPage":{"@id":"https:\/\/eksjostadshotell.se\/en\/restaurang\/a-la-carte\/#primaryimage"},"image":{"@id":"https:\/\/eksjostadshotell.se\/en\/restaurang\/a-la-carte\/#primaryimage"},"thumbnailUrl":"https:\/\/eksjostadshotell.se\/app\/uploads\/2022\/05\/background-placeholder.png","datePublished":"2022-06-16T06:46:13+00:00","dateModified":"2025-01-15T16:07:10+00:00","description":"A la Carte meny SNACKS MARCONAMANDLAR 55:- CHIPS OCH DIPP Lantchips, rostad vitl\u00f6kskr\u00e4m och gr\u00e4sl\u00f6k 65:- F\u00d6RR\u00c4TTER HUSETS VITL\u00d6KSBR\u00d6D Vitl\u00f6k, persilja, parmesan, sm\u00f6r och olivolja 69:- \u00d6JEBY TOAST Hembakat br\u00f6d, kr\u00e4ftstj\u00e4rtar, v\u00e4stbottenost, dill, kummin, majonn\u00e4s 145:- SK\u00c5L MED R\u00c4KOR Vitl\u00f6ksbr\u00f6d, aioli 139:- CARPACCIO N\u00f6tk\u00f6tt, ruccola, \u00f6rtolja, valn\u00f6tter, riven ost 149:- VARMR\u00c4TTER H\u00d6GREVSBURGARE [\u2026]","breadcrumb":{"@id":"https:\/\/eksjostadshotell.se\/en\/restaurang\/a-la-carte\/#breadcrumb"},"inLanguage":"en-US","potentialAction":[{"@type":"ReadAction","target":["https:\/\/eksjostadshotell.se\/en\/restaurang\/a-la-carte\/"]}]},{"@type":"ImageObject","inLanguage":"en-US","@id":"https:\/\/eksjostadshotell.se\/en\/restaurang\/a-la-carte\/#primaryimage","url":"https:\/\/eksjostadshotell.se\/app\/uploads\/2022\/05\/background-placeholder.png","contentUrl":"https:\/\/eksjostadshotell.se\/app\/uploads\/2022\/05\/background-placeholder.png","width":1928,"height":1018},{"@type":"BreadcrumbList","@id":"https:\/\/eksjostadshotell.se\/en\/restaurang\/a-la-carte\/#breadcrumb","itemListElement":[{"@type":"ListItem","position":1,"name":"Home","item":"https:\/\/eksjostadshotell.se\/en\/"},{"@type":"ListItem","position":2,"name":"Restaurants","item":"https:\/\/eksjostadshotell.se\/en\/restaurang\/"},{"@type":"ListItem","position":3,"name":"A la Carte"}]},{"@type":"WebSite","@id":"https:\/\/eksjostadshotell.se\/en\/#website","url":"https:\/\/eksjostadshotell.se\/en\/","name":"Eksj\u00f6stadshotell","description":"Anrikt boende i Eksj\u00f6s hj\u00e4rta","potentialAction":[{"@type":"SearchAction","target":{"@type":"EntryPoint","urlTemplate":"https:\/\/eksjostadshotell.se\/en\/?s={search_term_string}"},"query-input":{"@type":"PropertyValueSpecification","valueRequired":true,"valueName":"search_term_string"}}],"inLanguage":"en-US"}]}},"_links":{"self":[{"href":"https:\/\/eksjostadshotell.se\/en\/wp-json\/wp\/v2\/pages\/995","targetHints":{"allow":["GET"]}}],"collection":[{"href":"https:\/\/eksjostadshotell.se\/en\/wp-json\/wp\/v2\/pages"}],"about":[{"href":"https:\/\/eksjostadshotell.se\/en\/wp-json\/wp\/v2\/types\/page"}],"author":[{"embeddable":true,"href":"https:\/\/eksjostadshotell.se\/en\/wp-json\/wp\/v2\/users\/1"}],"replies":[{"embeddable":true,"href":"https:\/\/eksjostadshotell.se\/en\/wp-json\/wp\/v2\/comments?post=995"}],"version-history":[{"count":5,"href":"https:\/\/eksjostadshotell.se\/en\/wp-json\/wp\/v2\/pages\/995\/revisions"}],"predecessor-version":[{"id":3157,"href":"https:\/\/eksjostadshotell.se\/en\/wp-json\/wp\/v2\/pages\/995\/revisions\/3157"}],"up":[{"embeddable":true,"href":"https:\/\/eksjostadshotell.se\/en\/wp-json\/wp\/v2\/pages\/982"}],"wp:featuredmedia":[{"embeddable":true,"href":"https:\/\/eksjostadshotell.se\/en\/wp-json\/wp\/v2\/media\/416"}],"wp:attachment":[{"href":"https:\/\/eksjostadshotell.se\/en\/wp-json\/wp\/v2\/media?parent=995"}],"curies":[{"name":"wp","href":"https:\/\/api.w.org\/{rel}","templated":true}]}}