{"id":982,"date":"2022-05-02T11:18:06","date_gmt":"2022-05-02T09:18:06","guid":{"rendered":"https:\/\/eksjostadshotell.se\/restaurang\/"},"modified":"2025-11-12T09:02:43","modified_gmt":"2025-11-12T08:02:43","slug":"restaurang","status":"publish","type":"page","link":"https:\/\/eksjostadshotell.se\/en\/restaurang\/","title":{"rendered":"Restaurants"},"content":{"rendered":"\n<h1 class=\"wp-block-heading has-text-align-center has-brun-color has-text-color\">Book a table in one of<\/h1>\n\n\n\n<h1 class=\"wp-block-heading has-text-align-center has-brun-color has-text-color\"> our restaurants <\/h1>\n\n\n\n<p class=\"has-text-align-center\">Good food in a pleasant environment is one of our hallmarks at Eksj\u00f6 Stadshotell. Time proven and cherished dishes made from mostly locally farmed ingredients is our philosophy, prepared by our talented chefs who work tirelessly. Expect generous dishes and warm hearted service in a classic environment from the 1800&#8217;s.  <\/p>\n\n\n\n<p class=\"has-text-align-center\">We serve a daily continental breakfast buffet with award winning bread. Our lunches (Summer months 20\/6-18\/8 excluded) include at least 3 courses to choose from, a large bread and sallad buff\u00e9, deserts, drinks, teas and coffees.<\/p>\n\n\n\n<p class=\"has-text-align-center\">In the evenings, Albert Bistro &amp; Bar opens its doors and here you will find rustic dishes and good drinks. Perfect for a relaxed get-together with loved ones or to unwind after a stressful day at work. &#8220;Alberts&#8221; has become a popular gathering place for both our hotel guests as well as local residents.<\/p>\n\n\n\n<button data-hash=\"6914b42b1857c92bd6718f678e25e922\" class=\"waiteraid-widget\">Boka bord<\/button>\n\n\n<div style=\"height:50px\" aria-hidden=\"true\" class=\"wp-block-spacer\"><\/div>\n\n\n\n<div class=\"wp-block-cover alignfull is-light\"><span aria-hidden=\"true\" class=\"wp-block-cover__background has-primary-color-background-color has-background-dim-30 has-background-dim\"><\/span><div class=\"wp-block-cover__inner-container is-layout-flow wp-block-cover-is-layout-flow\">\n<h3 class=\"wp-block-heading has-text-align-center\">Opening hours:<\/h3>\n\n\n\n<p class=\"has-text-align-center\">Dinner in the Bistro: Mondays-Thursdays 5 &#8211; 9 PM<br>Fridays-Saturdays 4 PM &#8211; 10 AM<\/p>\n\n\n\n<p class=\"has-text-align-center\">Kitchen closes at 9:00 PM<br><\/p>\n<\/div><\/div>\n\n\n\n<div class=\"wp-block-columns alignwide is-layout-flex wp-container-core-columns-is-layout-9d6595d7 wp-block-columns-is-layout-flex\">\n<div class=\"wp-block-column is-vertically-aligned-center is-layout-flow wp-block-column-is-layout-flow\">\n<h2 class=\"wp-block-heading has-brun-color has-text-color\">Roustique dinners<\/h2>\n\n\n\n<div style=\"height:15px\" aria-hidden=\"true\" class=\"wp-block-spacer\"><\/div>\n\n\n\n<p>Experience a great dinner in Albert Bistro and Bar! Our skilled chefs serve a variety of rustic courses made from local produce.<\/p>\n\n\n\n<div style=\"height:20px\" aria-hidden=\"true\" class=\"wp-block-spacer\"><\/div>\n\n\n\n<div class=\"wp-block-buttons is-layout-flex wp-block-buttons-is-layout-flex\">\n<div class=\"wp-block-button\"><a class=\"wp-block-button__link has-prettypink-background-color has-background wp-element-button\" href=\"https:\/\/eksjostadshotell.se\/en\/restaurang\/a-la-carte\/\" style=\"border-radius:100px\">See our Bistro Menu<\/a><\/div>\n<\/div>\n<\/div>\n\n\n\n<div class=\"wp-block-column is-layout-flow wp-block-column-is-layout-flow\">    <div id=\"galleri-block_a26465ead59a86eca9cc3f914b7624af\" class=\"galleri-block\" itemscope itemtype=\"https:\/\/schema.org\/Blog\"> \n        <div class=\"galleri-block-slider\">\n                                <div class=\"this-post-item\">\n                    <a data-fancybox=\"galleri\" href=\"https:\/\/eksjostadshotell.se\/app\/uploads\/2022\/06\/eksjoestadshotell2022_lindagren_jonashenningsson-221-av-114-scaled.jpg\" alt=\"Klickgalleri\" title=\"Klickbart galleri\">\n                        <img loading=\"lazy\" decoding=\"async\" width=\"675\" height=\"630\" src=\"https:\/\/eksjostadshotell.se\/app\/uploads\/2022\/06\/eksjoestadshotell2022_lindagren_jonashenningsson-221-av-114-675x630.jpg\" class=\"attachment-nice-size size-nice-size\" alt=\"\" \/>                    <\/a>\n                    <\/div>\n                                <div class=\"this-post-item\">\n                    <a data-fancybox=\"galleri\" href=\"https:\/\/eksjostadshotell.se\/app\/uploads\/2022\/06\/2020-06-03_0031.jpg\" alt=\"Klickgalleri\" title=\"Klickbart galleri\">\n                        <img loading=\"lazy\" decoding=\"async\" width=\"675\" height=\"630\" src=\"https:\/\/eksjostadshotell.se\/app\/uploads\/2022\/06\/2020-06-03_0031-675x630.jpg\" class=\"attachment-nice-size size-nice-size\" alt=\"\" \/>                    <\/a>\n                    <\/div>\n                                <div class=\"this-post-item\">\n                    <a data-fancybox=\"galleri\" href=\"https:\/\/eksjostadshotell.se\/app\/uploads\/2022\/07\/eksjoestadshotell2022_lindagren_jonashenningsson-216-av-114-scaled.jpg\" alt=\"Klickgalleri\" title=\"Klickbart galleri\">\n                        <img loading=\"lazy\" decoding=\"async\" width=\"675\" height=\"630\" src=\"https:\/\/eksjostadshotell.se\/app\/uploads\/2022\/07\/eksjoestadshotell2022_lindagren_jonashenningsson-216-av-114-675x630.jpg\" class=\"attachment-nice-size size-nice-size\" alt=\"\" \/>                    <\/a>\n                    <\/div>\n                                <div class=\"this-post-item\">\n                    <a data-fancybox=\"galleri\" href=\"https:\/\/eksjostadshotell.se\/app\/uploads\/2022\/07\/eksjoestadshotell2022_lindagren_jonashenningsson-217-av-114-scaled.jpg\" alt=\"Klickgalleri\" title=\"Klickbart galleri\">\n                        <img loading=\"lazy\" decoding=\"async\" width=\"675\" height=\"630\" src=\"https:\/\/eksjostadshotell.se\/app\/uploads\/2022\/07\/eksjoestadshotell2022_lindagren_jonashenningsson-217-av-114-675x630.jpg\" class=\"attachment-nice-size size-nice-size\" alt=\"\" \/>                    <\/a>\n                    <\/div>\n                                <div class=\"this-post-item\">\n                    <a data-fancybox=\"galleri\" href=\"https:\/\/eksjostadshotell.se\/app\/uploads\/2022\/07\/eksjoestadshotell2022_lindagren_jonashenningsson-219-av-114-scaled.jpg\" alt=\"Klickgalleri\" title=\"Klickbart galleri\">\n                        <img loading=\"lazy\" decoding=\"async\" width=\"675\" height=\"630\" src=\"https:\/\/eksjostadshotell.se\/app\/uploads\/2022\/07\/eksjoestadshotell2022_lindagren_jonashenningsson-219-av-114-675x630.jpg\" class=\"attachment-nice-size size-nice-size\" alt=\"\" \/>                    <\/a>\n                    <\/div>\n                  \n        <\/div>\n    <\/div> \n <\/div>\n<\/div>\n\n\n\n<div class=\"wp-block-columns alignwide is-layout-flex wp-container-core-columns-is-layout-9d6595d7 wp-block-columns-is-layout-flex\">\n<div class=\"wp-block-column is-layout-flow wp-block-column-is-layout-flow\">\n<figure class=\"wp-block-image size-nice-size\"><img loading=\"lazy\" decoding=\"async\" width=\"675\" height=\"630\" src=\"https:\/\/eksjostadshotell.se\/app\/uploads\/2022\/06\/pexels-lina-kivaka-1741285-e1655450815911-675x630.png\" alt=\"\" class=\"wp-image-814\"\/><\/figure>\n<\/div>\n\n\n\n<div class=\"wp-block-column is-vertically-aligned-center is-layout-flow wp-block-column-is-layout-flow\">\n<h2 class=\"wp-block-heading has-brun-color has-text-color\">Weddings and such<\/h2>\n\n\n\n<div style=\"height:15px\" aria-hidden=\"true\" class=\"wp-block-spacer\"><\/div>\n\n\n\n<p>With us you can celebrate a birthday, an anniversary, a graduation, a family reunion (the type when everyone fights to pay for the bill) and ball room style weddings, of course. We have dining spaces for small private dinners to the larger conglomerate get-togethers. We&#8217;ll tailor your arrangement according to your wallets and wishes.<\/p>\n\n\n\n<p>If you are looking for something exclusive, like a wine tasting or why not a 5-course menu, we are the right place to consider. Welcome with your inquiries and we will  put together a unique arrangement just for you and your party. <\/p>\n\n\n\n<div style=\"height:15px\" aria-hidden=\"true\" class=\"wp-block-spacer\"><\/div>\n\n\n\n<div class=\"wp-block-buttons is-content-justification-left is-layout-flex wp-container-core-buttons-is-layout-fdcfc74e wp-block-buttons-is-layout-flex\">\n<div class=\"wp-block-button\"><a class=\"wp-block-button__link has-prettypink-background-color has-background wp-element-button\" style=\"border-radius:100px\">Get in touch<\/a><\/div>\n<\/div>\n<\/div>\n<\/div>\n","protected":false},"excerpt":{"rendered":"<p>Book a table in one of our restaurants Good food in a pleasant environment is one of our hallmarks at Eksj\u00f6 Stadshotell. Time proven and cherished dishes made from mostly locally farmed ingredients is our philosophy, prepared by our talented chefs who work tirelessly. Expect generous dishes and warm hearted service in a classic environment [&hellip;]<\/p>\n","protected":false},"author":1,"featured_media":0,"parent":0,"menu_order":0,"comment_status":"closed","ping_status":"closed","template":"pagetemplate-restaurang.php","meta":{"_acf_changed":false,"inline_featured_image":false,"footnotes":""},"class_list":["post-982","page","type-page","status-publish","hentry"],"acf":[],"yoast_head":"<!-- This site is optimized with the Yoast SEO plugin v27.5 - https:\/\/yoast.com\/product\/yoast-seo-wordpress\/ -->\n<title>Restaurang &amp; dagens lunch i Eksj\u00f6 - Eksj\u00f6 Stadshotell Eksj\u00f6 Stadshotell<\/title>\n<meta name=\"description\" content=\"I v\u00e5r vackra restaurang kan du njuta b\u00e5de av kulinariska l\u00e4ckerheter, vacker konst och stilfull inredning i traditionsrik milj\u00f6. Lunch mellan 11.30-13.30 vilken \u00f6ppnar igen den 11 september.\" \/>\n<meta name=\"robots\" content=\"index, follow, max-snippet:-1, max-image-preview:large, max-video-preview:-1\" \/>\n<link rel=\"canonical\" href=\"https:\/\/eksjostadshotell.se\/en\/restaurang\/\" \/>\n<meta property=\"og:locale\" content=\"en_US\" \/>\n<meta property=\"og:type\" content=\"article\" \/>\n<meta property=\"og:title\" content=\"Restaurang &amp; dagens lunch i Eksj\u00f6 - Eksj\u00f6 Stadshotell Eksj\u00f6 Stadshotell\" \/>\n<meta property=\"og:description\" content=\"I v\u00e5r vackra restaurang kan du njuta b\u00e5de av kulinariska l\u00e4ckerheter, vacker konst och stilfull inredning i traditionsrik milj\u00f6. Lunch mellan 11.30-13.30 vilken \u00f6ppnar igen den 11 september.\" \/>\n<meta property=\"og:url\" content=\"https:\/\/eksjostadshotell.se\/en\/restaurang\/\" \/>\n<meta property=\"og:site_name\" content=\"Eksj\u00f6stadshotell\" \/>\n<meta property=\"article:modified_time\" content=\"2025-11-12T08:02:43+00:00\" \/>\n<meta property=\"og:image\" content=\"https:\/\/eksjostadshotell.se\/app\/uploads\/2022\/06\/pexels-lina-kivaka-1741285-e1655450815911-1024x993.png\" \/>\n\t<meta property=\"og:image:width\" content=\"1024\" \/>\n\t<meta property=\"og:image:height\" content=\"993\" \/>\n\t<meta property=\"og:image:type\" content=\"image\/png\" \/>\n<meta name=\"twitter:card\" content=\"summary_large_image\" \/>\n<meta name=\"twitter:label1\" content=\"Est. reading time\" \/>\n\t<meta name=\"twitter:data1\" content=\"2 minutes\" \/>\n<script type=\"application\/ld+json\" class=\"yoast-schema-graph\">{\"@context\":\"https:\\\/\\\/schema.org\",\"@graph\":[{\"@type\":\"WebPage\",\"@id\":\"https:\\\/\\\/eksjostadshotell.se\\\/en\\\/restaurang\\\/\",\"url\":\"https:\\\/\\\/eksjostadshotell.se\\\/en\\\/restaurang\\\/\",\"name\":\"Restaurang & dagens lunch i Eksj\u00f6 - Eksj\u00f6 Stadshotell Eksj\u00f6 Stadshotell\",\"isPartOf\":{\"@id\":\"https:\\\/\\\/eksjostadshotell.se\\\/en\\\/#website\"},\"primaryImageOfPage\":{\"@id\":\"https:\\\/\\\/eksjostadshotell.se\\\/en\\\/restaurang\\\/#primaryimage\"},\"image\":{\"@id\":\"https:\\\/\\\/eksjostadshotell.se\\\/en\\\/restaurang\\\/#primaryimage\"},\"thumbnailUrl\":\"https:\\\/\\\/eksjostadshotell.se\\\/app\\\/uploads\\\/2022\\\/06\\\/pexels-lina-kivaka-1741285-e1655450815911-675x630.png\",\"datePublished\":\"2022-05-02T09:18:06+00:00\",\"dateModified\":\"2025-11-12T08:02:43+00:00\",\"description\":\"I v\u00e5r vackra restaurang kan du njuta b\u00e5de av kulinariska l\u00e4ckerheter, vacker konst och stilfull inredning i traditionsrik milj\u00f6. Lunch mellan 11.30-13.30 vilken \u00f6ppnar igen den 11 september.\",\"breadcrumb\":{\"@id\":\"https:\\\/\\\/eksjostadshotell.se\\\/en\\\/restaurang\\\/#breadcrumb\"},\"inLanguage\":\"en-US\",\"potentialAction\":[{\"@type\":\"ReadAction\",\"target\":[\"https:\\\/\\\/eksjostadshotell.se\\\/en\\\/restaurang\\\/\"]}]},{\"@type\":\"ImageObject\",\"inLanguage\":\"en-US\",\"@id\":\"https:\\\/\\\/eksjostadshotell.se\\\/en\\\/restaurang\\\/#primaryimage\",\"url\":\"https:\\\/\\\/eksjostadshotell.se\\\/app\\\/uploads\\\/2022\\\/06\\\/pexels-lina-kivaka-1741285-e1655450815911-675x630.png\",\"contentUrl\":\"https:\\\/\\\/eksjostadshotell.se\\\/app\\\/uploads\\\/2022\\\/06\\\/pexels-lina-kivaka-1741285-e1655450815911-675x630.png\"},{\"@type\":\"BreadcrumbList\",\"@id\":\"https:\\\/\\\/eksjostadshotell.se\\\/en\\\/restaurang\\\/#breadcrumb\",\"itemListElement\":[{\"@type\":\"ListItem\",\"position\":1,\"name\":\"Home\",\"item\":\"https:\\\/\\\/eksjostadshotell.se\\\/en\\\/\"},{\"@type\":\"ListItem\",\"position\":2,\"name\":\"Restaurants\"}]},{\"@type\":\"WebSite\",\"@id\":\"https:\\\/\\\/eksjostadshotell.se\\\/en\\\/#website\",\"url\":\"https:\\\/\\\/eksjostadshotell.se\\\/en\\\/\",\"name\":\"Eksj\u00f6stadshotell\",\"description\":\"Anrikt boende i Eksj\u00f6s hj\u00e4rta\",\"potentialAction\":[{\"@type\":\"SearchAction\",\"target\":{\"@type\":\"EntryPoint\",\"urlTemplate\":\"https:\\\/\\\/eksjostadshotell.se\\\/en\\\/?s={search_term_string}\"},\"query-input\":{\"@type\":\"PropertyValueSpecification\",\"valueRequired\":true,\"valueName\":\"search_term_string\"}}],\"inLanguage\":\"en-US\"}]}<\/script>\n<!-- \/ Yoast SEO plugin. -->","yoast_head_json":{"title":"Restaurang & dagens lunch i Eksj\u00f6 - Eksj\u00f6 Stadshotell Eksj\u00f6 Stadshotell","description":"I v\u00e5r vackra restaurang kan du njuta b\u00e5de av kulinariska l\u00e4ckerheter, vacker konst och stilfull inredning i traditionsrik milj\u00f6. Lunch mellan 11.30-13.30 vilken \u00f6ppnar igen den 11 september.","robots":{"index":"index","follow":"follow","max-snippet":"max-snippet:-1","max-image-preview":"max-image-preview:large","max-video-preview":"max-video-preview:-1"},"canonical":"https:\/\/eksjostadshotell.se\/en\/restaurang\/","og_locale":"en_US","og_type":"article","og_title":"Restaurang & dagens lunch i Eksj\u00f6 - Eksj\u00f6 Stadshotell Eksj\u00f6 Stadshotell","og_description":"I v\u00e5r vackra restaurang kan du njuta b\u00e5de av kulinariska l\u00e4ckerheter, vacker konst och stilfull inredning i traditionsrik milj\u00f6. Lunch mellan 11.30-13.30 vilken \u00f6ppnar igen den 11 september.","og_url":"https:\/\/eksjostadshotell.se\/en\/restaurang\/","og_site_name":"Eksj\u00f6stadshotell","article_modified_time":"2025-11-12T08:02:43+00:00","og_image":[{"width":1024,"height":993,"url":"https:\/\/eksjostadshotell.se\/app\/uploads\/2022\/06\/pexels-lina-kivaka-1741285-e1655450815911-1024x993.png","type":"image\/png"}],"twitter_card":"summary_large_image","twitter_misc":{"Est. reading time":"2 minutes"},"schema":{"@context":"https:\/\/schema.org","@graph":[{"@type":"WebPage","@id":"https:\/\/eksjostadshotell.se\/en\/restaurang\/","url":"https:\/\/eksjostadshotell.se\/en\/restaurang\/","name":"Restaurang & dagens lunch i Eksj\u00f6 - Eksj\u00f6 Stadshotell Eksj\u00f6 Stadshotell","isPartOf":{"@id":"https:\/\/eksjostadshotell.se\/en\/#website"},"primaryImageOfPage":{"@id":"https:\/\/eksjostadshotell.se\/en\/restaurang\/#primaryimage"},"image":{"@id":"https:\/\/eksjostadshotell.se\/en\/restaurang\/#primaryimage"},"thumbnailUrl":"https:\/\/eksjostadshotell.se\/app\/uploads\/2022\/06\/pexels-lina-kivaka-1741285-e1655450815911-675x630.png","datePublished":"2022-05-02T09:18:06+00:00","dateModified":"2025-11-12T08:02:43+00:00","description":"I v\u00e5r vackra restaurang kan du njuta b\u00e5de av kulinariska l\u00e4ckerheter, vacker konst och stilfull inredning i traditionsrik milj\u00f6. Lunch mellan 11.30-13.30 vilken \u00f6ppnar igen den 11 september.","breadcrumb":{"@id":"https:\/\/eksjostadshotell.se\/en\/restaurang\/#breadcrumb"},"inLanguage":"en-US","potentialAction":[{"@type":"ReadAction","target":["https:\/\/eksjostadshotell.se\/en\/restaurang\/"]}]},{"@type":"ImageObject","inLanguage":"en-US","@id":"https:\/\/eksjostadshotell.se\/en\/restaurang\/#primaryimage","url":"https:\/\/eksjostadshotell.se\/app\/uploads\/2022\/06\/pexels-lina-kivaka-1741285-e1655450815911-675x630.png","contentUrl":"https:\/\/eksjostadshotell.se\/app\/uploads\/2022\/06\/pexels-lina-kivaka-1741285-e1655450815911-675x630.png"},{"@type":"BreadcrumbList","@id":"https:\/\/eksjostadshotell.se\/en\/restaurang\/#breadcrumb","itemListElement":[{"@type":"ListItem","position":1,"name":"Home","item":"https:\/\/eksjostadshotell.se\/en\/"},{"@type":"ListItem","position":2,"name":"Restaurants"}]},{"@type":"WebSite","@id":"https:\/\/eksjostadshotell.se\/en\/#website","url":"https:\/\/eksjostadshotell.se\/en\/","name":"Eksj\u00f6stadshotell","description":"Anrikt boende i Eksj\u00f6s hj\u00e4rta","potentialAction":[{"@type":"SearchAction","target":{"@type":"EntryPoint","urlTemplate":"https:\/\/eksjostadshotell.se\/en\/?s={search_term_string}"},"query-input":{"@type":"PropertyValueSpecification","valueRequired":true,"valueName":"search_term_string"}}],"inLanguage":"en-US"}]}},"_links":{"self":[{"href":"https:\/\/eksjostadshotell.se\/en\/wp-json\/wp\/v2\/pages\/982","targetHints":{"allow":["GET"]}}],"collection":[{"href":"https:\/\/eksjostadshotell.se\/en\/wp-json\/wp\/v2\/pages"}],"about":[{"href":"https:\/\/eksjostadshotell.se\/en\/wp-json\/wp\/v2\/types\/page"}],"author":[{"embeddable":true,"href":"https:\/\/eksjostadshotell.se\/en\/wp-json\/wp\/v2\/users\/1"}],"replies":[{"embeddable":true,"href":"https:\/\/eksjostadshotell.se\/en\/wp-json\/wp\/v2\/comments?post=982"}],"version-history":[{"count":5,"href":"https:\/\/eksjostadshotell.se\/en\/wp-json\/wp\/v2\/pages\/982\/revisions"}],"predecessor-version":[{"id":3465,"href":"https:\/\/eksjostadshotell.se\/en\/wp-json\/wp\/v2\/pages\/982\/revisions\/3465"}],"wp:attachment":[{"href":"https:\/\/eksjostadshotell.se\/en\/wp-json\/wp\/v2\/media?parent=982"}],"curies":[{"name":"wp","href":"https:\/\/api.w.org\/{rel}","templated":true}]}}