{"id":1658,"date":"2022-05-02T11:03:45","date_gmt":"2022-05-02T09:03:45","guid":{"rendered":"https:\/\/eksjostadshotell.se\/integritetspolicy\/"},"modified":"2022-10-13T12:48:21","modified_gmt":"2022-10-13T10:48:21","slug":"integritetspolicy","status":"publish","type":"page","link":"https:\/\/eksjostadshotell.se\/en\/integritetspolicy\/","title":{"rendered":"Integrity policy"},"content":{"rendered":"\n<h1 class=\"wp-block-heading\">Data protection policy<\/h1>\n\n\n\n<p>H\u00e4r f\u00f6rklarar vi (Eksj\u00f6 Stadshotell AB) hur vi hanterar personuppgifter och vilka personuppgifter vi samlar in h\u00e4r p\u00e5 eksjostadshotell.se.<\/p>\n\n\n\n<h3 class=\"wp-block-heading\">Insamling och bearbetning av personuppgifter<\/h3>\n\n\n\n<p>Personuppgiftsansvarig f\u00f6r de personuppgifter som samlas in p\u00e5 eksjostadshotell.se \u00e4r Eksj\u00f6 Stadshotell AB, org.nr. 556493-2167, Stora Torget 9, 575 31 EKSJ\u00d6, tel.&nbsp;<a href=\"tel:0381-13020\">0381-13020<\/a>.<\/p>\n\n\n\n<h3 class=\"wp-block-heading\">Datainsamling<\/h3>\n\n\n\n<p>Vi samlar endast in personuppgifter som du sj\u00e4lv l\u00e4mnar till oss n\u00e4r du fyller i formul\u00e4r eller skickar e-post. Syftet med att vi sparar dina uppgifter \u00e4r att kunna utf\u00f6ra den \u00e5tg\u00e4rd som ni har \u00f6nskat och vi sparar endast uppgifterna s\u00e5 l\u00e4nge de beh\u00f6vs f\u00f6r att kunna fullg\u00f6ra v\u00e5rt uppdrag gentemot dig. Du m\u00e5ste aktivt ge ditt samtycke till insamlingen n\u00e4r du till exempel fyller i ett formul\u00e4r p\u00e5 v\u00e5r webbplats. Du kan i efterhand ta tillbaka ditt samtycke till insamlingen genom att kontakta oss, och f\u00e5 dina uppgifter raderade. Du kan ocks\u00e5 beg\u00e4ra att f\u00e5 dina uppgifter r\u00e4ttade om du tror att vi har felaktiga uppgifter lagrade hos oss.<\/p>\n\n\n\n<p>V\u00e5r webbplats fungerar \u00e4ven om du v\u00e4ljer att inte l\u00e4mna n\u00e5gra personuppgifter. Undantaget \u00e4r om du vill best\u00e4lla n\u00e5got eller kontakta oss p\u00e5 n\u00e5got annat s\u00e4tt \u00e4n telefon. I dessa fall lagrar vi dina personuppgifter f\u00f6r att kunna kontakta dig eller utf\u00f6ra ett uppdrag \u00e5t dig. Du kommer vid dessa insamlingar av data att beh\u00f6va l\u00e4mna ett aktivt medgivande till att vi lagrar dina uppgifter f\u00f6r detta syfte.<\/p>\n\n\n\n<h3 class=\"wp-block-heading\">Delning av data till tredje part<\/h3>\n\n\n\n<p>Om du fyller i ett formul\u00e4r p\u00e5 webbplatsen s\u00e5 kommer dina uppgifter att lagras i v\u00e5r databas som finns hos Oderland Webbhotell AB (Orgnr: 556680-8746), \u00d6stra Hamngatan 50 B 3TR, 411 09 G\u00d6TEBORG. Syftet med lagringen \u00e4r att kunna kontakta dig med svar p\u00e5 dina fr\u00e5gor.<\/p>\n\n\n\n<p>I \u00f6vrigt kommer inte dina personuppgifter att delas med n\u00e5gon tredje part eller anv\u00e4ndas till n\u00e5got annat syfte \u00e4n vad de ursprungligen samlades in till utan att vi f\u00f6rst inh\u00e4mtar ett medgivande fr\u00e5n dig. Det enda undantaget \u00e4r om vi enligt lag \u00e4r skyldiga att l\u00e4mna ut uppgifter till exempelvis polismyndigheten.<\/p>\n\n\n\n<p>Vissa uppgifter kan lagras utanf\u00f6r EU\/ESS. Vi anv\u00e4nder i dessa fall endast tj\u00e4nster som har ett personuppgiftsskydd som \u00e4r minst likv\u00e4rdigt med det som g\u00e4ller f\u00f6r uppgifter lagrade i Sverige.<\/p>\n\n\n\n<h3 class=\"wp-block-heading\">H\u00e4vningsr\u00e4tt<\/h3>\n\n\n\n<p>Du kan n\u00e4r du vill \u00e5ngra ditt medgivande till att vi lagrar dina personuppgifter. Du kan ocks\u00e5 beg\u00e4ra r\u00e4ttelse av de uppgifter vi har om dig. Det g\u00f6r du enklast genom att skicka ett e-postmeddelande till&nbsp;<a href=\"mailto:info@eksjostadshotell.se\">info@eksjostadshotell.se<\/a>. Du har \u00e4ven r\u00e4tt att f\u00e5 veta vilka personuppgifter vi har om dig, hur vi har samlat in dem, vad vi anv\u00e4nder dem till och vem vi har delat dem med. Du har r\u00e4tt att g\u00f6ra detta en g\u00e5ng per \u00e5r utan kostnad.<\/p>\n\n\n\n<h3 class=\"wp-block-heading\">Anv\u00e4ndning av kakor (cookies)<\/h3>\n\n\n\n<p>Vi anv\u00e4nder \u201ccookies\u201d, sm\u00e5 textfiler som sparas p\u00e5 din h\u00e5rddisk n\u00e4r du surfar p\u00e5 v\u00e5r hemsida. De lagrar information som v\u00e5r webbplats kan l\u00e4sa av n\u00e4sta g\u00e5ng du kommer hit.<\/p>\n\n\n\n<p>I din webbl\u00e4sare kan du st\u00e4lla in att inga cookies f\u00e5r sparas p\u00e5 din dator. V\u00e5r hemsida fungerar \u00e4ven utan cookies, men det kan g\u00f6ra att anv\u00e4ndarupplevelsen blir s\u00e4mre. Vi informerar alla bes\u00f6kare p\u00e5 v\u00e5r webbplats om att vi anv\u00e4nder cookies.<\/p>\n\n\n\n<h3 class=\"wp-block-heading\">Google Analytics<\/h3>\n\n\n\n<p>Vi anv\u00e4nder Google Analytics som \u00e4r en statistik- och analystj\u00e4nst fr\u00e5n Google (Google Inc, 1600 Amphitheatre Parkway, Mountain View, CA 94043, USA).<\/p>\n\n\n\n<p>Google analytics analyserar hur du anv\u00e4nder v\u00e5r webbplats, bland annat vilka sidor du bes\u00f6ker, vilken sida du kom ifr\u00e5n, vilken webbl\u00e4sare och operativsystem du anv\u00e4nder, din sk\u00e4rmuppl\u00f6sning och varifr\u00e5n (geografiskt) du bes\u00f6ker v\u00e5r webbplats.<\/p>\n\n\n\n<p>Uppgifterna kommer att f\u00f6ras \u00f6ver till Google (servrar placerade i USA) d\u00e4r de analyseras. Google \u00e4r certifierad under EU-US Privacy Shield, vilket inneb\u00e4r att databearbetningen sker p\u00e5 ett s\u00e4kert s\u00e4tt.<\/p>\n\n\n\n<p>Du kan ladda ner ett till\u00e4gg till din webbl\u00e4sare som g\u00f6r att din data inte delas med Google analytics. Webbl\u00e4sartill\u00e4gget \u00e4r utgivet av Google och finns till alla vanliga webbl\u00e4sare.<\/p>\n\n\n\n<figure class=\"wp-block-embed\"><div class=\"wp-block-embed__wrapper\">\nhttps:\/\/tools.google.com\/dlpage\/gaoptout\n<\/div><\/figure>\n\n\n\n<h3 class=\"wp-block-heading\">Inb\u00e4ddat inneh\u00e5ll<\/h3>\n\n\n\n<p>V\u00e5r hemsida kan inneh\u00e5lla inb\u00e4ddat inneh\u00e5ll fr\u00e5n andra webbplatser (exempelvis videoklipp fr\u00e5n Youtube). Inb\u00e4ddat inneh\u00e5ll fungerar likadant som om du bes\u00f6ker den andra webbplatsen. Det inneb\u00e4r att dessa webbplatser kan samla in uppgifter om dig, anv\u00e4nda cookie-filer, b\u00e4dda in ytterligare sp\u00e5rning fr\u00e5n tredje part och \u00f6vervaka din interaktion med det inb\u00e4ddade inneh\u00e5llet. Om du har ett konto och \u00e4r inloggad p\u00e5 exempelvis Youtube kan \u00e4ven din interaktion med det inb\u00e4ddade inneh\u00e5llet sp\u00e5ras.<\/p>\n\n\n\n<h3 class=\"wp-block-heading\">Kontakt<\/h3>\n\n\n\n<p>Om du har n\u00e5gra fr\u00e5gor om hur vi arbetar med personuppgifter \u00e4r du alltid v\u00e4lkommen att kontakta oss.<\/p>\n\n\n\n<p>Eksj\u00f6 Stadshotell AB<br>Stora Torget 9<br>575 31 EKSJ\u00d6<br><a href=\"tel:0381-13020\">0381-13020<\/a><br><a href=\"mailto:info@eksjostadshotell.se\">info@eksjostadshotell.se<\/a><\/p>\n\n\n\n<p>Vi f\u00f6rbeh\u00e5ller oss r\u00e4tten att g\u00f6ra \u00e4ndringar i denna policy om lagrum eller andra f\u00f6ruts\u00e4ttningar f\u00f6r\u00e4ndras i framtiden.<\/p>\n\n\n\n<p>L\u00e4s mer om dataskydd inom EU:&nbsp;<a href=\"https:\/\/ec.europa.eu\/info\/law\/law-topic\/data-protection_sv\" target=\"_blank\" rel=\"noreferrer noopener\">https:\/\/ec.europa.eu\/info\/law\/law-topic\/data-protection_sv<\/a>.<\/p>\n","protected":false},"excerpt":{"rendered":"<p>Data protection policy H\u00e4r f\u00f6rklarar vi (Eksj\u00f6 Stadshotell AB) hur vi hanterar personuppgifter och vilka personuppgifter vi samlar in h\u00e4r p\u00e5 eksjostadshotell.se. Insamling och bearbetning av personuppgifter Personuppgiftsansvarig f\u00f6r de personuppgifter som samlas in p\u00e5 eksjostadshotell.se \u00e4r Eksj\u00f6 Stadshotell AB, org.nr. 556493-2167, Stora Torget 9, 575 31 EKSJ\u00d6, tel.&nbsp;0381-13020. Datainsamling Vi samlar endast in personuppgifter [&hellip;]<\/p>\n","protected":false},"author":1,"featured_media":778,"parent":0,"menu_order":0,"comment_status":"closed","ping_status":"open","template":"","meta":{"_acf_changed":false,"inline_featured_image":false,"footnotes":""},"class_list":["post-1658","page","type-page","status-publish","has-post-thumbnail","hentry"],"acf":[],"yoast_head":"<!-- This site is optimized with the Yoast SEO plugin v27.4 - https:\/\/yoast.com\/product\/yoast-seo-wordpress\/ -->\n<title>Integrity policy - Eksj\u00f6stadshotell<\/title>\n<meta name=\"robots\" content=\"index, follow, max-snippet:-1, max-image-preview:large, max-video-preview:-1\" \/>\n<link rel=\"canonical\" href=\"https:\/\/eksjostadshotell.se\/en\/integritetspolicy\/\" \/>\n<meta property=\"og:locale\" content=\"en_US\" \/>\n<meta property=\"og:type\" content=\"article\" \/>\n<meta property=\"og:title\" content=\"Integrity policy - Eksj\u00f6stadshotell\" \/>\n<meta property=\"og:description\" content=\"Data protection policy H\u00e4r f\u00f6rklarar vi (Eksj\u00f6 Stadshotell AB) hur vi hanterar personuppgifter och vilka personuppgifter vi samlar in h\u00e4r p\u00e5 eksjostadshotell.se. Insamling och bearbetning av personuppgifter Personuppgiftsansvarig f\u00f6r de personuppgifter som samlas in p\u00e5 eksjostadshotell.se \u00e4r Eksj\u00f6 Stadshotell AB, org.nr. 556493-2167, Stora Torget 9, 575 31 EKSJ\u00d6, tel.&nbsp;0381-13020. Datainsamling Vi samlar endast in personuppgifter [&hellip;]\" \/>\n<meta property=\"og:url\" content=\"https:\/\/eksjostadshotell.se\/en\/integritetspolicy\/\" \/>\n<meta property=\"og:site_name\" content=\"Eksj\u00f6stadshotell\" \/>\n<meta property=\"article:modified_time\" content=\"2022-10-13T10:48:21+00:00\" \/>\n<meta property=\"og:image\" content=\"https:\/\/eksjostadshotell.se\/app\/uploads\/2022\/06\/e4478f0bd44ba60ea455cf490b3d53f6.png\" \/>\n\t<meta property=\"og:image:width\" content=\"640\" \/>\n\t<meta property=\"og:image:height\" content=\"539\" \/>\n\t<meta property=\"og:image:type\" content=\"image\/png\" \/>\n<meta name=\"twitter:card\" content=\"summary_large_image\" \/>\n<meta name=\"twitter:label1\" content=\"Est. reading time\" \/>\n\t<meta name=\"twitter:data1\" content=\"4 minutes\" \/>\n<script type=\"application\/ld+json\" class=\"yoast-schema-graph\">{\"@context\":\"https:\\\/\\\/schema.org\",\"@graph\":[{\"@type\":\"WebPage\",\"@id\":\"https:\\\/\\\/eksjostadshotell.se\\\/en\\\/integritetspolicy\\\/\",\"url\":\"https:\\\/\\\/eksjostadshotell.se\\\/en\\\/integritetspolicy\\\/\",\"name\":\"Integrity policy - Eksj\u00f6stadshotell\",\"isPartOf\":{\"@id\":\"https:\\\/\\\/eksjostadshotell.se\\\/en\\\/#website\"},\"primaryImageOfPage\":{\"@id\":\"https:\\\/\\\/eksjostadshotell.se\\\/en\\\/integritetspolicy\\\/#primaryimage\"},\"image\":{\"@id\":\"https:\\\/\\\/eksjostadshotell.se\\\/en\\\/integritetspolicy\\\/#primaryimage\"},\"thumbnailUrl\":\"https:\\\/\\\/eksjostadshotell.se\\\/app\\\/uploads\\\/2022\\\/06\\\/e4478f0bd44ba60ea455cf490b3d53f6.png\",\"datePublished\":\"2022-05-02T09:03:45+00:00\",\"dateModified\":\"2022-10-13T10:48:21+00:00\",\"breadcrumb\":{\"@id\":\"https:\\\/\\\/eksjostadshotell.se\\\/en\\\/integritetspolicy\\\/#breadcrumb\"},\"inLanguage\":\"en-US\",\"potentialAction\":[{\"@type\":\"ReadAction\",\"target\":[\"https:\\\/\\\/eksjostadshotell.se\\\/en\\\/integritetspolicy\\\/\"]}]},{\"@type\":\"ImageObject\",\"inLanguage\":\"en-US\",\"@id\":\"https:\\\/\\\/eksjostadshotell.se\\\/en\\\/integritetspolicy\\\/#primaryimage\",\"url\":\"https:\\\/\\\/eksjostadshotell.se\\\/app\\\/uploads\\\/2022\\\/06\\\/e4478f0bd44ba60ea455cf490b3d53f6.png\",\"contentUrl\":\"https:\\\/\\\/eksjostadshotell.se\\\/app\\\/uploads\\\/2022\\\/06\\\/e4478f0bd44ba60ea455cf490b3d53f6.png\",\"width\":640,\"height\":539},{\"@type\":\"BreadcrumbList\",\"@id\":\"https:\\\/\\\/eksjostadshotell.se\\\/en\\\/integritetspolicy\\\/#breadcrumb\",\"itemListElement\":[{\"@type\":\"ListItem\",\"position\":1,\"name\":\"Home\",\"item\":\"https:\\\/\\\/eksjostadshotell.se\\\/en\\\/\"},{\"@type\":\"ListItem\",\"position\":2,\"name\":\"Integrity policy\"}]},{\"@type\":\"WebSite\",\"@id\":\"https:\\\/\\\/eksjostadshotell.se\\\/en\\\/#website\",\"url\":\"https:\\\/\\\/eksjostadshotell.se\\\/en\\\/\",\"name\":\"Eksj\u00f6stadshotell\",\"description\":\"Anrikt boende i Eksj\u00f6s hj\u00e4rta\",\"potentialAction\":[{\"@type\":\"SearchAction\",\"target\":{\"@type\":\"EntryPoint\",\"urlTemplate\":\"https:\\\/\\\/eksjostadshotell.se\\\/en\\\/?s={search_term_string}\"},\"query-input\":{\"@type\":\"PropertyValueSpecification\",\"valueRequired\":true,\"valueName\":\"search_term_string\"}}],\"inLanguage\":\"en-US\"}]}<\/script>\n<!-- \/ Yoast SEO plugin. -->","yoast_head_json":{"title":"Integrity policy - Eksj\u00f6stadshotell","robots":{"index":"index","follow":"follow","max-snippet":"max-snippet:-1","max-image-preview":"max-image-preview:large","max-video-preview":"max-video-preview:-1"},"canonical":"https:\/\/eksjostadshotell.se\/en\/integritetspolicy\/","og_locale":"en_US","og_type":"article","og_title":"Integrity policy - Eksj\u00f6stadshotell","og_description":"Data protection policy H\u00e4r f\u00f6rklarar vi (Eksj\u00f6 Stadshotell AB) hur vi hanterar personuppgifter och vilka personuppgifter vi samlar in h\u00e4r p\u00e5 eksjostadshotell.se. Insamling och bearbetning av personuppgifter Personuppgiftsansvarig f\u00f6r de personuppgifter som samlas in p\u00e5 eksjostadshotell.se \u00e4r Eksj\u00f6 Stadshotell AB, org.nr. 556493-2167, Stora Torget 9, 575 31 EKSJ\u00d6, tel.&nbsp;0381-13020. Datainsamling Vi samlar endast in personuppgifter [&hellip;]","og_url":"https:\/\/eksjostadshotell.se\/en\/integritetspolicy\/","og_site_name":"Eksj\u00f6stadshotell","article_modified_time":"2022-10-13T10:48:21+00:00","og_image":[{"width":640,"height":539,"url":"https:\/\/eksjostadshotell.se\/app\/uploads\/2022\/06\/e4478f0bd44ba60ea455cf490b3d53f6.png","type":"image\/png"}],"twitter_card":"summary_large_image","twitter_misc":{"Est. reading time":"4 minutes"},"schema":{"@context":"https:\/\/schema.org","@graph":[{"@type":"WebPage","@id":"https:\/\/eksjostadshotell.se\/en\/integritetspolicy\/","url":"https:\/\/eksjostadshotell.se\/en\/integritetspolicy\/","name":"Integrity policy - Eksj\u00f6stadshotell","isPartOf":{"@id":"https:\/\/eksjostadshotell.se\/en\/#website"},"primaryImageOfPage":{"@id":"https:\/\/eksjostadshotell.se\/en\/integritetspolicy\/#primaryimage"},"image":{"@id":"https:\/\/eksjostadshotell.se\/en\/integritetspolicy\/#primaryimage"},"thumbnailUrl":"https:\/\/eksjostadshotell.se\/app\/uploads\/2022\/06\/e4478f0bd44ba60ea455cf490b3d53f6.png","datePublished":"2022-05-02T09:03:45+00:00","dateModified":"2022-10-13T10:48:21+00:00","breadcrumb":{"@id":"https:\/\/eksjostadshotell.se\/en\/integritetspolicy\/#breadcrumb"},"inLanguage":"en-US","potentialAction":[{"@type":"ReadAction","target":["https:\/\/eksjostadshotell.se\/en\/integritetspolicy\/"]}]},{"@type":"ImageObject","inLanguage":"en-US","@id":"https:\/\/eksjostadshotell.se\/en\/integritetspolicy\/#primaryimage","url":"https:\/\/eksjostadshotell.se\/app\/uploads\/2022\/06\/e4478f0bd44ba60ea455cf490b3d53f6.png","contentUrl":"https:\/\/eksjostadshotell.se\/app\/uploads\/2022\/06\/e4478f0bd44ba60ea455cf490b3d53f6.png","width":640,"height":539},{"@type":"BreadcrumbList","@id":"https:\/\/eksjostadshotell.se\/en\/integritetspolicy\/#breadcrumb","itemListElement":[{"@type":"ListItem","position":1,"name":"Home","item":"https:\/\/eksjostadshotell.se\/en\/"},{"@type":"ListItem","position":2,"name":"Integrity policy"}]},{"@type":"WebSite","@id":"https:\/\/eksjostadshotell.se\/en\/#website","url":"https:\/\/eksjostadshotell.se\/en\/","name":"Eksj\u00f6stadshotell","description":"Anrikt boende i Eksj\u00f6s hj\u00e4rta","potentialAction":[{"@type":"SearchAction","target":{"@type":"EntryPoint","urlTemplate":"https:\/\/eksjostadshotell.se\/en\/?s={search_term_string}"},"query-input":{"@type":"PropertyValueSpecification","valueRequired":true,"valueName":"search_term_string"}}],"inLanguage":"en-US"}]}},"_links":{"self":[{"href":"https:\/\/eksjostadshotell.se\/en\/wp-json\/wp\/v2\/pages\/1658","targetHints":{"allow":["GET"]}}],"collection":[{"href":"https:\/\/eksjostadshotell.se\/en\/wp-json\/wp\/v2\/pages"}],"about":[{"href":"https:\/\/eksjostadshotell.se\/en\/wp-json\/wp\/v2\/types\/page"}],"author":[{"embeddable":true,"href":"https:\/\/eksjostadshotell.se\/en\/wp-json\/wp\/v2\/users\/1"}],"replies":[{"embeddable":true,"href":"https:\/\/eksjostadshotell.se\/en\/wp-json\/wp\/v2\/comments?post=1658"}],"version-history":[{"count":1,"href":"https:\/\/eksjostadshotell.se\/en\/wp-json\/wp\/v2\/pages\/1658\/revisions"}],"predecessor-version":[{"id":1659,"href":"https:\/\/eksjostadshotell.se\/en\/wp-json\/wp\/v2\/pages\/1658\/revisions\/1659"}],"wp:featuredmedia":[{"embeddable":true,"href":"https:\/\/eksjostadshotell.se\/en\/wp-json\/wp\/v2\/media\/778"}],"wp:attachment":[{"href":"https:\/\/eksjostadshotell.se\/en\/wp-json\/wp\/v2\/media?parent=1658"}],"curies":[{"name":"wp","href":"https:\/\/api.w.org\/{rel}","templated":true}]}}