{"id":1026,"date":"2022-10-26T11:18:00","date_gmt":"2022-10-26T09:18:00","guid":{"rendered":"https:\/\/eksjostadshotell.se\/nojen\/"},"modified":"2022-10-26T19:33:35","modified_gmt":"2022-10-26T17:33:35","slug":"entertainment","status":"publish","type":"page","link":"https:\/\/eksjostadshotell.se\/en\/entertainment\/","title":{"rendered":"Event calendar"},"content":{"rendered":"\n<h1 class=\"has-text-align-center wp-block-heading\">Have fun at Eksj\u00f6 Stadshotell<\/h1>\n\n\n\n<p class=\"has-text-align-center\">Eksj\u00f6 is a high-ranking event city as several large festivals are arranged here annually. Some of the most famous are Eksj\u00f6 Christmas Market, Eksj\u00f6 City Festival, Eksj\u00f6 International Tattoo, and Eksj\u00f6 Food Festival.<\/p>\n\n\n\n<p class=\"has-text-align-center\">In our Bistro Albert Bistro and Bar, we host a nightclub on weekends, shrimp buffets during the summers, a regular music quiz, and celebrations such as Homecoming and Halloween. Keep an eye out so you don&#8217;t miss out on the pinnacle of fun this town has to offer -follow us on our social channels.  <\/p>\n\n\n\n<div class=\"wp-block-columns is-layout-flex wp-container-core-columns-is-layout-9d6595d7 wp-block-columns-is-layout-flex\">\n<div class=\"wp-block-column is-layout-flow wp-block-column-is-layout-flow\"><\/div>\n<\/div>\n\n\n\n<div class=\"wp-block-columns is-layout-flex wp-container-core-columns-is-layout-9d6595d7 wp-block-columns-is-layout-flex\"><\/div>\n\n\n\n<div class=\"wp-block-columns is-layout-flex wp-container-core-columns-is-layout-9d6595d7 wp-block-columns-is-layout-flex\">\n<div class=\"wp-block-column is-layout-flow wp-block-column-is-layout-flow\"><\/div>\n<\/div>\n\n\n\n<div class=\"wp-block-columns is-layout-flex wp-container-core-columns-is-layout-9d6595d7 wp-block-columns-is-layout-flex\"><\/div>\n","protected":false},"excerpt":{"rendered":"<p>Have fun at Eksj\u00f6 Stadshotell Eksj\u00f6 is a high-ranking event city as several large festivals are arranged here annually. Some of the most famous are Eksj\u00f6 Christmas Market, Eksj\u00f6 City Festival, Eksj\u00f6 International Tattoo, and Eksj\u00f6 Food Festival. In our Bistro Albert Bistro and Bar, we host a nightclub on weekends, shrimp buffets during the [&hellip;]<\/p>\n","protected":false},"author":1,"featured_media":0,"parent":0,"menu_order":0,"comment_status":"closed","ping_status":"closed","template":"","meta":{"_acf_changed":false,"inline_featured_image":false,"footnotes":""},"class_list":["post-1026","page","type-page","status-publish","hentry"],"acf":[],"yoast_head":"<!-- This site is optimized with the Yoast SEO plugin v27.4 - https:\/\/yoast.com\/product\/yoast-seo-wordpress\/ -->\n<title>Event calendar - Eksj\u00f6stadshotell<\/title>\n<meta name=\"robots\" content=\"index, follow, max-snippet:-1, max-image-preview:large, max-video-preview:-1\" \/>\n<link rel=\"canonical\" href=\"https:\/\/eksjostadshotell.se\/en\/entertainment\/\" \/>\n<meta property=\"og:locale\" content=\"en_US\" \/>\n<meta property=\"og:type\" content=\"article\" \/>\n<meta property=\"og:title\" content=\"Event calendar - Eksj\u00f6stadshotell\" \/>\n<meta property=\"og:description\" content=\"Have fun at Eksj\u00f6 Stadshotell Eksj\u00f6 is a high-ranking event city as several large festivals are arranged here annually. Some of the most famous are Eksj\u00f6 Christmas Market, Eksj\u00f6 City Festival, Eksj\u00f6 International Tattoo, and Eksj\u00f6 Food Festival. In our Bistro Albert Bistro and Bar, we host a nightclub on weekends, shrimp buffets during the [&hellip;]\" \/>\n<meta property=\"og:url\" content=\"https:\/\/eksjostadshotell.se\/en\/entertainment\/\" \/>\n<meta property=\"og:site_name\" content=\"Eksj\u00f6stadshotell\" \/>\n<meta property=\"article:modified_time\" content=\"2022-10-26T17:33:35+00:00\" \/>\n<meta name=\"twitter:card\" content=\"summary_large_image\" \/>\n<meta name=\"twitter:label1\" content=\"Est. reading time\" \/>\n\t<meta name=\"twitter:data1\" content=\"1 minute\" \/>\n<script type=\"application\/ld+json\" class=\"yoast-schema-graph\">{\"@context\":\"https:\\\/\\\/schema.org\",\"@graph\":[{\"@type\":\"WebPage\",\"@id\":\"https:\\\/\\\/eksjostadshotell.se\\\/en\\\/entertainment\\\/\",\"url\":\"https:\\\/\\\/eksjostadshotell.se\\\/en\\\/entertainment\\\/\",\"name\":\"Event calendar - Eksj\u00f6stadshotell\",\"isPartOf\":{\"@id\":\"https:\\\/\\\/eksjostadshotell.se\\\/en\\\/#website\"},\"datePublished\":\"2022-10-26T09:18:00+00:00\",\"dateModified\":\"2022-10-26T17:33:35+00:00\",\"breadcrumb\":{\"@id\":\"https:\\\/\\\/eksjostadshotell.se\\\/en\\\/entertainment\\\/#breadcrumb\"},\"inLanguage\":\"en-US\",\"potentialAction\":[{\"@type\":\"ReadAction\",\"target\":[\"https:\\\/\\\/eksjostadshotell.se\\\/en\\\/entertainment\\\/\"]}]},{\"@type\":\"BreadcrumbList\",\"@id\":\"https:\\\/\\\/eksjostadshotell.se\\\/en\\\/entertainment\\\/#breadcrumb\",\"itemListElement\":[{\"@type\":\"ListItem\",\"position\":1,\"name\":\"Home\",\"item\":\"https:\\\/\\\/eksjostadshotell.se\\\/en\\\/\"},{\"@type\":\"ListItem\",\"position\":2,\"name\":\"Event calendar\"}]},{\"@type\":\"WebSite\",\"@id\":\"https:\\\/\\\/eksjostadshotell.se\\\/en\\\/#website\",\"url\":\"https:\\\/\\\/eksjostadshotell.se\\\/en\\\/\",\"name\":\"Eksj\u00f6stadshotell\",\"description\":\"Anrikt boende i Eksj\u00f6s hj\u00e4rta\",\"potentialAction\":[{\"@type\":\"SearchAction\",\"target\":{\"@type\":\"EntryPoint\",\"urlTemplate\":\"https:\\\/\\\/eksjostadshotell.se\\\/en\\\/?s={search_term_string}\"},\"query-input\":{\"@type\":\"PropertyValueSpecification\",\"valueRequired\":true,\"valueName\":\"search_term_string\"}}],\"inLanguage\":\"en-US\"}]}<\/script>\n<!-- \/ Yoast SEO plugin. -->","yoast_head_json":{"title":"Event calendar - Eksj\u00f6stadshotell","robots":{"index":"index","follow":"follow","max-snippet":"max-snippet:-1","max-image-preview":"max-image-preview:large","max-video-preview":"max-video-preview:-1"},"canonical":"https:\/\/eksjostadshotell.se\/en\/entertainment\/","og_locale":"en_US","og_type":"article","og_title":"Event calendar - Eksj\u00f6stadshotell","og_description":"Have fun at Eksj\u00f6 Stadshotell Eksj\u00f6 is a high-ranking event city as several large festivals are arranged here annually. Some of the most famous are Eksj\u00f6 Christmas Market, Eksj\u00f6 City Festival, Eksj\u00f6 International Tattoo, and Eksj\u00f6 Food Festival. In our Bistro Albert Bistro and Bar, we host a nightclub on weekends, shrimp buffets during the [&hellip;]","og_url":"https:\/\/eksjostadshotell.se\/en\/entertainment\/","og_site_name":"Eksj\u00f6stadshotell","article_modified_time":"2022-10-26T17:33:35+00:00","twitter_card":"summary_large_image","twitter_misc":{"Est. reading time":"1 minute"},"schema":{"@context":"https:\/\/schema.org","@graph":[{"@type":"WebPage","@id":"https:\/\/eksjostadshotell.se\/en\/entertainment\/","url":"https:\/\/eksjostadshotell.se\/en\/entertainment\/","name":"Event calendar - Eksj\u00f6stadshotell","isPartOf":{"@id":"https:\/\/eksjostadshotell.se\/en\/#website"},"datePublished":"2022-10-26T09:18:00+00:00","dateModified":"2022-10-26T17:33:35+00:00","breadcrumb":{"@id":"https:\/\/eksjostadshotell.se\/en\/entertainment\/#breadcrumb"},"inLanguage":"en-US","potentialAction":[{"@type":"ReadAction","target":["https:\/\/eksjostadshotell.se\/en\/entertainment\/"]}]},{"@type":"BreadcrumbList","@id":"https:\/\/eksjostadshotell.se\/en\/entertainment\/#breadcrumb","itemListElement":[{"@type":"ListItem","position":1,"name":"Home","item":"https:\/\/eksjostadshotell.se\/en\/"},{"@type":"ListItem","position":2,"name":"Event calendar"}]},{"@type":"WebSite","@id":"https:\/\/eksjostadshotell.se\/en\/#website","url":"https:\/\/eksjostadshotell.se\/en\/","name":"Eksj\u00f6stadshotell","description":"Anrikt boende i Eksj\u00f6s hj\u00e4rta","potentialAction":[{"@type":"SearchAction","target":{"@type":"EntryPoint","urlTemplate":"https:\/\/eksjostadshotell.se\/en\/?s={search_term_string}"},"query-input":{"@type":"PropertyValueSpecification","valueRequired":true,"valueName":"search_term_string"}}],"inLanguage":"en-US"}]}},"_links":{"self":[{"href":"https:\/\/eksjostadshotell.se\/en\/wp-json\/wp\/v2\/pages\/1026","targetHints":{"allow":["GET"]}}],"collection":[{"href":"https:\/\/eksjostadshotell.se\/en\/wp-json\/wp\/v2\/pages"}],"about":[{"href":"https:\/\/eksjostadshotell.se\/en\/wp-json\/wp\/v2\/types\/page"}],"author":[{"embeddable":true,"href":"https:\/\/eksjostadshotell.se\/en\/wp-json\/wp\/v2\/users\/1"}],"replies":[{"embeddable":true,"href":"https:\/\/eksjostadshotell.se\/en\/wp-json\/wp\/v2\/comments?post=1026"}],"version-history":[{"count":5,"href":"https:\/\/eksjostadshotell.se\/en\/wp-json\/wp\/v2\/pages\/1026\/revisions"}],"predecessor-version":[{"id":1754,"href":"https:\/\/eksjostadshotell.se\/en\/wp-json\/wp\/v2\/pages\/1026\/revisions\/1754"}],"wp:attachment":[{"href":"https:\/\/eksjostadshotell.se\/en\/wp-json\/wp\/v2\/media?parent=1026"}],"curies":[{"name":"wp","href":"https:\/\/api.w.org\/{rel}","templated":true}]}}