{"id":1021,"date":"2022-06-07T14:54:02","date_gmt":"2022-06-07T12:54:02","guid":{"rendered":"https:\/\/eksjostadshotell.se\/kontakt\/"},"modified":"2024-06-18T11:34:33","modified_gmt":"2024-06-18T09:34:33","slug":"contact","status":"publish","type":"page","link":"https:\/\/eksjostadshotell.se\/en\/contact\/","title":{"rendered":"Contact \/ Find us"},"content":{"rendered":"\n<h1 class=\"wp-block-heading\">How to get here<\/h1>\n\n\n\n<div class=\"wp-block-columns is-layout-flex wp-container-core-columns-is-layout-9d6595d7 wp-block-columns-is-layout-flex\">\n<div class=\"wp-block-column is-layout-flow wp-block-column-is-layout-flow\" style=\"flex-basis:66.66%\">\n<p>Eksj\u00f6 lies at the center of southern Sweden, a comfortable distance from the larger cities of Stockholm, Gothenburg, and Malm\u00f6. It is easy to access by both car and train. <\/p>\n\n\n\n<p>GPS-coordinates&nbsp;Latitude \u2013 Longitude:<br>57.666783 \u2013 14.970302<\/p>\n<\/div>\n\n\n\n<div class=\"wp-block-column is-layout-flow wp-block-column-is-layout-flow\" style=\"flex-basis:33.33%\">\n<figure class=\"wp-block-image size-full\"><img loading=\"lazy\" decoding=\"async\" width=\"298\" height=\"300\" src=\"https:\/\/eksjostadshotell.se\/app\/uploads\/2022\/06\/karta-298x300-1.png\" alt=\"\" class=\"wp-image-330\" srcset=\"https:\/\/eksjostadshotell.se\/app\/uploads\/2022\/06\/karta-298x300-1.png 298w, https:\/\/eksjostadshotell.se\/app\/uploads\/2022\/06\/karta-298x300-1-150x150.png 150w\" sizes=\"auto, (max-width: 298px) 100vw, 298px\" \/><\/figure>\n<\/div>\n<\/div>\n\n\n\n<div class=\"wp-block-columns is-layout-flex wp-container-core-columns-is-layout-9d6595d7 wp-block-columns-is-layout-flex\">\n<div class=\"wp-block-column is-layout-flow wp-block-column-is-layout-flow\">\n<p><strong>Address<br><\/strong>Stora Torget <br>57 531 Eksj\u00f6<\/p>\n\n\n\n<p><strong>Telephone<\/strong><br>Reception: +46 381-130 20<br>Restaurant:+46 381-130 21<\/p>\n\n\n\n<p><strong>E-mail<br><\/strong><a href=\"mailto:info@eksjostadshotell.se\">info@eksjostadshotell.se<\/a>  <\/p>\n<\/div>\n\n\n\n<div class=\"wp-block-column is-layout-flow wp-block-column-is-layout-flow\">\n<p><strong>Reception&#8217;s opening hours <\/strong><br>Monday- Friday 06:30-21:00<br>Saturday 08:00-21.00 <br>Sunday 08:00-13:00 <\/p>\n\n\n\n<p>Special opening hours:<\/p>\n\n\n\n<p>Midsummer&#8217;s Eve June 21st<\/p>\n\n\n\n<p>08-13:00<\/p>\n\n\n\n<p>Midsummer&#8217;s Day June 22nd<\/p>\n\n\n\n<p>08-13:00<\/p>\n\n\n\n<p><\/p>\n<\/div>\n\n\n\n<div class=\"wp-block-column is-layout-flow wp-block-column-is-layout-flow\">\n<p><strong>Breakfast is served&nbsp;<\/strong><br>Monday-Friday 06.30-9.30<br>Saturdays, Sundays and bank holidays 8.00-10.30<\/p>\n\n\n\n<p>Special opening hours:<\/p>\n\n\n\n<p><\/p>\n\n\n\n<p><strong>The restaurant&#8217;s opening hours<\/strong><br>Monday-Thursday 17:00-23:00<br>Friday-Saturday 17.00-01.00<\/p>\n\n\n\n<p>Special opening hours<\/p>\n\n\n\n<p>Midsummer&#8217;s Eve June 21st<\/p>\n\n\n\n<p>Closed<\/p>\n\n\n\n<p>Midsummer&#8217;s Day June 22nd<\/p>\n\n\n\n<p>Closed<\/p>\n\n\n\n<p><\/p>\n<\/div>\n<\/div>\n\n\n\n<div class=\"mapouter\"><div class=\"gmap_canvas\"><iframe loading=\"lazy\" id=\"gmap_canvas\" src=\"https:\/\/maps.google.com\/maps?q=eksj%C3%B6%20stadshotell&amp;t=&amp;z=13&amp;ie=UTF8&amp;iwloc=&amp;output=embed\" scrolling=\"no\" marginheight=\"0\" marginwidth=\"0\" width=\"100%\" height=\"500\" frameborder=\"0\"><\/iframe><a href=\"https:\/\/www.whatismyip-address.com\/divi-discount\/\">divi discount<\/a><br><style>.mapouter{position:relative;text-align:right;height:500px;width:100%;}<\/style><a href=\"https:\/\/www.embedgooglemap.net\">embedgooglemap.net<\/a><style>.gmap_canvas {overflow:hidden;background:none!important;height:500px;width:100%;}<\/style><\/div><\/div>\n\n\n\n<h2 class=\"wp-block-heading\">Parking<\/h2>\n\n\n\n<p>Free parking spots are available in front and behind the hotel. If you need a parking disc you can buy one at the reception. <\/p>\n\n\n\n<div class=\"mapouter\"><div class=\"gmap_canvas\"><iframe width=\"100%\" height=\"500\" id=\"gmap_canvas\" src=\"https:\/\/www.google.com\/maps\/embed?pb=!1m18!1m12!1m3!1d1725.464901105457!2d14.969602735904457!3d57.66704321228349!2m3!1f0!2f0!3f0!3m2!1i1024!2i768!4f13.1!3m3!1m2!1s0x4659fa07635cb521%3A0xc7791c8304660789!2sEksj%C3%B6%20Stadshotell!5e1!3m2!1sen!2sse!4v1660722254822!5m2!1sen!2sse\" style=\"border:0;\" allowfullscreen=\"\" loading=\"lazy\" referrerpolicy=\"no-referrer-when-downgrade\"><\/iframe><a href=\"https:\/\/www.whatismyip-address.com\/divi-discount\/\">divi discount<\/a><br><style>.mapouter{position:relative;text-align:right;height:500px;width:100%;}<\/style><a href=\"https:\/\/www.embedgooglemap.net\">embedgooglemap.net<\/a><style>.gmap_canvas {overflow:hidden;background:none!important;height:500px;width:100%;}<\/style><\/div><\/div>\n","protected":false},"excerpt":{"rendered":"<p>How to get here Eksj\u00f6 lies at the center of southern Sweden, a comfortable distance from the larger cities of Stockholm, Gothenburg, and Malm\u00f6. It is easy to access by both car and train. GPS-coordinates&nbsp;Latitude \u2013 Longitude:57.666783 \u2013 14.970302 AddressStora Torget 57 531 Eksj\u00f6 TelephoneReception: +46 381-130 20Restaurant:+46 381-130 21 E-mailinfo@eksjostadshotell.se Reception&#8217;s opening hours Monday- [&hellip;]<\/p>\n","protected":false},"author":1,"featured_media":413,"parent":0,"menu_order":0,"comment_status":"closed","ping_status":"closed","template":"","meta":{"_acf_changed":false,"inline_featured_image":false,"footnotes":""},"class_list":["post-1021","page","type-page","status-publish","has-post-thumbnail","hentry"],"acf":[],"yoast_head":"<!-- This site is optimized with the Yoast SEO plugin v27.3 - https:\/\/yoast.com\/product\/yoast-seo-wordpress\/ -->\n<title>Kontakt \u2013 Eksj\u00f6 Stadshotell Eksj\u00f6 Stadshotell<\/title>\n<meta name=\"description\" content=\"Kontakta oss Eksj\u00f6 ligger i mitten av s\u00f6dra Sverige p\u00e5 bekv\u00e4mt avst\u00e5nd fr\u00e5n dom stora st\u00e4derna Stockholm, G\u00f6teborg och Malm\u00f6. Enkelt att ta sig till med b\u00e5de bil och t\u00e5g. GPS-koordinater Latitude \u2013 Longitude: 57.666783 \u2013 14.970302 Eksj\u00f6 Stadshotell Adress Stora Torget 9 57 531 Eksj\u00f6 Telefon V\u00e4xel: 0381-130 20 Restaurangen: 0381-130 21 E-post info@eksjostadshotell.se [\u2026]\" \/>\n<meta name=\"robots\" content=\"index, follow, max-snippet:-1, max-image-preview:large, max-video-preview:-1\" \/>\n<link rel=\"canonical\" href=\"https:\/\/eksjostadshotell.se\/en\/contact\/\" \/>\n<meta property=\"og:locale\" content=\"en_US\" \/>\n<meta property=\"og:type\" content=\"article\" \/>\n<meta property=\"og:title\" content=\"Kontakt \u2013 Eksj\u00f6 Stadshotell Eksj\u00f6 Stadshotell\" \/>\n<meta property=\"og:description\" content=\"Kontakta oss Eksj\u00f6 ligger i mitten av s\u00f6dra Sverige p\u00e5 bekv\u00e4mt avst\u00e5nd fr\u00e5n dom stora st\u00e4derna Stockholm, G\u00f6teborg och Malm\u00f6. Enkelt att ta sig till med b\u00e5de bil och t\u00e5g. GPS-koordinater Latitude \u2013 Longitude: 57.666783 \u2013 14.970302 Eksj\u00f6 Stadshotell Adress Stora Torget 9 57 531 Eksj\u00f6 Telefon V\u00e4xel: 0381-130 20 Restaurangen: 0381-130 21 E-post info@eksjostadshotell.se [\u2026]\" \/>\n<meta property=\"og:url\" content=\"https:\/\/eksjostadshotell.se\/en\/contact\/\" \/>\n<meta property=\"og:site_name\" content=\"Eksj\u00f6stadshotell\" \/>\n<meta property=\"article:modified_time\" content=\"2024-06-18T09:34:33+00:00\" \/>\n<meta property=\"og:image\" content=\"https:\/\/eksjostadshotell.se\/app\/uploads\/2022\/05\/golfpaket-1440x450-1.jpeg\" \/>\n\t<meta property=\"og:image:width\" content=\"1440\" \/>\n\t<meta property=\"og:image:height\" content=\"450\" \/>\n\t<meta property=\"og:image:type\" content=\"image\/jpeg\" \/>\n<meta name=\"twitter:card\" content=\"summary_large_image\" \/>\n<meta name=\"twitter:label1\" content=\"Est. reading time\" \/>\n\t<meta name=\"twitter:data1\" content=\"2 minutes\" \/>\n<script type=\"application\/ld+json\" class=\"yoast-schema-graph\">{\"@context\":\"https:\\\/\\\/schema.org\",\"@graph\":[{\"@type\":\"WebPage\",\"@id\":\"https:\\\/\\\/eksjostadshotell.se\\\/en\\\/contact\\\/\",\"url\":\"https:\\\/\\\/eksjostadshotell.se\\\/en\\\/contact\\\/\",\"name\":\"Kontakt \u2013 Eksj\u00f6 Stadshotell Eksj\u00f6 Stadshotell\",\"isPartOf\":{\"@id\":\"https:\\\/\\\/eksjostadshotell.se\\\/en\\\/#website\"},\"primaryImageOfPage\":{\"@id\":\"https:\\\/\\\/eksjostadshotell.se\\\/en\\\/contact\\\/#primaryimage\"},\"image\":{\"@id\":\"https:\\\/\\\/eksjostadshotell.se\\\/en\\\/contact\\\/#primaryimage\"},\"thumbnailUrl\":\"https:\\\/\\\/eksjostadshotell.se\\\/app\\\/uploads\\\/2022\\\/05\\\/golfpaket-1440x450-1.jpeg\",\"datePublished\":\"2022-06-07T12:54:02+00:00\",\"dateModified\":\"2024-06-18T09:34:33+00:00\",\"description\":\"Kontakta oss Eksj\u00f6 ligger i mitten av s\u00f6dra Sverige p\u00e5 bekv\u00e4mt avst\u00e5nd fr\u00e5n dom stora st\u00e4derna Stockholm, G\u00f6teborg och Malm\u00f6. Enkelt att ta sig till med b\u00e5de bil och t\u00e5g. GPS-koordinater Latitude \u2013 Longitude: 57.666783 \u2013 14.970302 Eksj\u00f6 Stadshotell Adress Stora Torget 9 57 531 Eksj\u00f6 Telefon V\u00e4xel: 0381-130 20 Restaurangen: 0381-130 21 E-post info@eksjostadshotell.se [\u2026]\",\"breadcrumb\":{\"@id\":\"https:\\\/\\\/eksjostadshotell.se\\\/en\\\/contact\\\/#breadcrumb\"},\"inLanguage\":\"en-US\",\"potentialAction\":[{\"@type\":\"ReadAction\",\"target\":[\"https:\\\/\\\/eksjostadshotell.se\\\/en\\\/contact\\\/\"]}]},{\"@type\":\"ImageObject\",\"inLanguage\":\"en-US\",\"@id\":\"https:\\\/\\\/eksjostadshotell.se\\\/en\\\/contact\\\/#primaryimage\",\"url\":\"https:\\\/\\\/eksjostadshotell.se\\\/app\\\/uploads\\\/2022\\\/05\\\/golfpaket-1440x450-1.jpeg\",\"contentUrl\":\"https:\\\/\\\/eksjostadshotell.se\\\/app\\\/uploads\\\/2022\\\/05\\\/golfpaket-1440x450-1.jpeg\",\"width\":1440,\"height\":450},{\"@type\":\"BreadcrumbList\",\"@id\":\"https:\\\/\\\/eksjostadshotell.se\\\/en\\\/contact\\\/#breadcrumb\",\"itemListElement\":[{\"@type\":\"ListItem\",\"position\":1,\"name\":\"Home\",\"item\":\"https:\\\/\\\/eksjostadshotell.se\\\/en\\\/\"},{\"@type\":\"ListItem\",\"position\":2,\"name\":\"Contact \\\/ Find us\"}]},{\"@type\":\"WebSite\",\"@id\":\"https:\\\/\\\/eksjostadshotell.se\\\/en\\\/#website\",\"url\":\"https:\\\/\\\/eksjostadshotell.se\\\/en\\\/\",\"name\":\"Eksj\u00f6stadshotell\",\"description\":\"Anrikt boende i Eksj\u00f6s hj\u00e4rta\",\"potentialAction\":[{\"@type\":\"SearchAction\",\"target\":{\"@type\":\"EntryPoint\",\"urlTemplate\":\"https:\\\/\\\/eksjostadshotell.se\\\/en\\\/?s={search_term_string}\"},\"query-input\":{\"@type\":\"PropertyValueSpecification\",\"valueRequired\":true,\"valueName\":\"search_term_string\"}}],\"inLanguage\":\"en-US\"}]}<\/script>\n<!-- \/ Yoast SEO plugin. -->","yoast_head_json":{"title":"Kontakt \u2013 Eksj\u00f6 Stadshotell Eksj\u00f6 Stadshotell","description":"Kontakta oss Eksj\u00f6 ligger i mitten av s\u00f6dra Sverige p\u00e5 bekv\u00e4mt avst\u00e5nd fr\u00e5n dom stora st\u00e4derna Stockholm, G\u00f6teborg och Malm\u00f6. Enkelt att ta sig till med b\u00e5de bil och t\u00e5g. GPS-koordinater Latitude \u2013 Longitude: 57.666783 \u2013 14.970302 Eksj\u00f6 Stadshotell Adress Stora Torget 9 57 531 Eksj\u00f6 Telefon V\u00e4xel: 0381-130 20 Restaurangen: 0381-130 21 E-post info@eksjostadshotell.se [\u2026]","robots":{"index":"index","follow":"follow","max-snippet":"max-snippet:-1","max-image-preview":"max-image-preview:large","max-video-preview":"max-video-preview:-1"},"canonical":"https:\/\/eksjostadshotell.se\/en\/contact\/","og_locale":"en_US","og_type":"article","og_title":"Kontakt \u2013 Eksj\u00f6 Stadshotell Eksj\u00f6 Stadshotell","og_description":"Kontakta oss Eksj\u00f6 ligger i mitten av s\u00f6dra Sverige p\u00e5 bekv\u00e4mt avst\u00e5nd fr\u00e5n dom stora st\u00e4derna Stockholm, G\u00f6teborg och Malm\u00f6. Enkelt att ta sig till med b\u00e5de bil och t\u00e5g. GPS-koordinater Latitude \u2013 Longitude: 57.666783 \u2013 14.970302 Eksj\u00f6 Stadshotell Adress Stora Torget 9 57 531 Eksj\u00f6 Telefon V\u00e4xel: 0381-130 20 Restaurangen: 0381-130 21 E-post info@eksjostadshotell.se [\u2026]","og_url":"https:\/\/eksjostadshotell.se\/en\/contact\/","og_site_name":"Eksj\u00f6stadshotell","article_modified_time":"2024-06-18T09:34:33+00:00","og_image":[{"width":1440,"height":450,"url":"https:\/\/eksjostadshotell.se\/app\/uploads\/2022\/05\/golfpaket-1440x450-1.jpeg","type":"image\/jpeg"}],"twitter_card":"summary_large_image","twitter_misc":{"Est. reading time":"2 minutes"},"schema":{"@context":"https:\/\/schema.org","@graph":[{"@type":"WebPage","@id":"https:\/\/eksjostadshotell.se\/en\/contact\/","url":"https:\/\/eksjostadshotell.se\/en\/contact\/","name":"Kontakt \u2013 Eksj\u00f6 Stadshotell Eksj\u00f6 Stadshotell","isPartOf":{"@id":"https:\/\/eksjostadshotell.se\/en\/#website"},"primaryImageOfPage":{"@id":"https:\/\/eksjostadshotell.se\/en\/contact\/#primaryimage"},"image":{"@id":"https:\/\/eksjostadshotell.se\/en\/contact\/#primaryimage"},"thumbnailUrl":"https:\/\/eksjostadshotell.se\/app\/uploads\/2022\/05\/golfpaket-1440x450-1.jpeg","datePublished":"2022-06-07T12:54:02+00:00","dateModified":"2024-06-18T09:34:33+00:00","description":"Kontakta oss Eksj\u00f6 ligger i mitten av s\u00f6dra Sverige p\u00e5 bekv\u00e4mt avst\u00e5nd fr\u00e5n dom stora st\u00e4derna Stockholm, G\u00f6teborg och Malm\u00f6. Enkelt att ta sig till med b\u00e5de bil och t\u00e5g. GPS-koordinater Latitude \u2013 Longitude: 57.666783 \u2013 14.970302 Eksj\u00f6 Stadshotell Adress Stora Torget 9 57 531 Eksj\u00f6 Telefon V\u00e4xel: 0381-130 20 Restaurangen: 0381-130 21 E-post info@eksjostadshotell.se [\u2026]","breadcrumb":{"@id":"https:\/\/eksjostadshotell.se\/en\/contact\/#breadcrumb"},"inLanguage":"en-US","potentialAction":[{"@type":"ReadAction","target":["https:\/\/eksjostadshotell.se\/en\/contact\/"]}]},{"@type":"ImageObject","inLanguage":"en-US","@id":"https:\/\/eksjostadshotell.se\/en\/contact\/#primaryimage","url":"https:\/\/eksjostadshotell.se\/app\/uploads\/2022\/05\/golfpaket-1440x450-1.jpeg","contentUrl":"https:\/\/eksjostadshotell.se\/app\/uploads\/2022\/05\/golfpaket-1440x450-1.jpeg","width":1440,"height":450},{"@type":"BreadcrumbList","@id":"https:\/\/eksjostadshotell.se\/en\/contact\/#breadcrumb","itemListElement":[{"@type":"ListItem","position":1,"name":"Home","item":"https:\/\/eksjostadshotell.se\/en\/"},{"@type":"ListItem","position":2,"name":"Contact \/ Find us"}]},{"@type":"WebSite","@id":"https:\/\/eksjostadshotell.se\/en\/#website","url":"https:\/\/eksjostadshotell.se\/en\/","name":"Eksj\u00f6stadshotell","description":"Anrikt boende i Eksj\u00f6s hj\u00e4rta","potentialAction":[{"@type":"SearchAction","target":{"@type":"EntryPoint","urlTemplate":"https:\/\/eksjostadshotell.se\/en\/?s={search_term_string}"},"query-input":{"@type":"PropertyValueSpecification","valueRequired":true,"valueName":"search_term_string"}}],"inLanguage":"en-US"}]}},"_links":{"self":[{"href":"https:\/\/eksjostadshotell.se\/en\/wp-json\/wp\/v2\/pages\/1021","targetHints":{"allow":["GET"]}}],"collection":[{"href":"https:\/\/eksjostadshotell.se\/en\/wp-json\/wp\/v2\/pages"}],"about":[{"href":"https:\/\/eksjostadshotell.se\/en\/wp-json\/wp\/v2\/types\/page"}],"author":[{"embeddable":true,"href":"https:\/\/eksjostadshotell.se\/en\/wp-json\/wp\/v2\/users\/1"}],"replies":[{"embeddable":true,"href":"https:\/\/eksjostadshotell.se\/en\/wp-json\/wp\/v2\/comments?post=1021"}],"version-history":[{"count":5,"href":"https:\/\/eksjostadshotell.se\/en\/wp-json\/wp\/v2\/pages\/1021\/revisions"}],"predecessor-version":[{"id":3018,"href":"https:\/\/eksjostadshotell.se\/en\/wp-json\/wp\/v2\/pages\/1021\/revisions\/3018"}],"wp:featuredmedia":[{"embeddable":true,"href":"https:\/\/eksjostadshotell.se\/en\/wp-json\/wp\/v2\/media\/413"}],"wp:attachment":[{"href":"https:\/\/eksjostadshotell.se\/en\/wp-json\/wp\/v2\/media?parent=1021"}],"curies":[{"name":"wp","href":"https:\/\/api.w.org\/{rel}","templated":true}]}}